{"id":21,"date":"2026-01-13T15:22:15","date_gmt":"2026-01-13T18:22:15","guid":{"rendered":"https:\/\/portal.lodovichi.com.ar\/?page_id=21"},"modified":"2026-01-13T15:46:26","modified_gmt":"2026-01-13T18:46:26","slug":"oportunidades-educativas-internacionales","status":"publish","type":"page","link":"https:\/\/portal.lodovichi.com.ar\/index.php\/oportunidades-educativas-internacionales\/","title":{"rendered":"Oportunidades educativas internacionales"},"content":{"rendered":"\n<div class=\"wp-block-group alignfull is-layout-flow wp-block-group-is-layout-flow\">\n<div class=\"wp-block-group alignfull has-global-padding is-layout-constrained wp-block-group-is-layout-constrained\" style=\"padding-top:var(--wp--preset--spacing--50);padding-bottom:var(--wp--preset--spacing--50)\">\n<p>Existen distintas formas de acceder a experiencias educativas en el exterior, m\u00e1s all\u00e1 de la universidad tradicional. En esta secci\u00f3n organizamos las principales oportunidades de manera clara para que las familias puedan explorar seg\u00fan la edad, los intereses y el nivel acad\u00e9mico del estudiante.<\/p>\n<\/div>\n<\/div>\n\n\n\n<p>Antes de explorar oportunidades educativas internacionales, es importante entender que la mayor\u00eda de los programas \u2014ya sean universidades, intercambios o programas de verano\u2014 suelen pedir una base similar. No significa que todos los requisitos se necesiten al mismo tiempo, pero s\u00ed que forman parte del proceso en alg\u00fan momento.<\/p>\n\n\n\n<div class=\"wp-block-group alignfull has-global-padding is-layout-constrained wp-block-group-is-layout-constrained\" style=\"padding-top:var(--wp--preset--spacing--50);padding-bottom:var(--wp--preset--spacing--50)\">\n<div class=\"wp-block-buttons is-content-justification-left is-layout-flex wp-container-core-buttons-is-layout-9d8a7149 wp-block-buttons-is-layout-flex\">\n<div class=\"wp-block-button\"><a class=\"wp-block-button__link has-text-align-right wp-element-button\">Requisitos y elementos b\u00e1sicos comunes<\/a><\/div>\n<\/div>\n\n\n\n<div class=\"wp-block-cover alignfull has-custom-content-position is-position-bottom-center\" style=\"margin-top:0;margin-bottom:0;padding-top:var(--wp--preset--spacing--50);padding-right:var(--wp--preset--spacing--50);padding-bottom:var(--wp--preset--spacing--50);padding-left:var(--wp--preset--spacing--50);min-height:100vh;aspect-ratio:unset;\"><img loading=\"lazy\" decoding=\"async\" width=\"1024\" height=\"683\" class=\"wp-block-cover__image-background wp-image-33 size-large\" alt=\"\" src=\"https:\/\/portal.lodovichi.com.ar\/wp-content\/uploads\/2026\/01\/pexels-olia-danilevich-8093032-1024x683.jpg\" data-object-fit=\"cover\" srcset=\"https:\/\/portal.lodovichi.com.ar\/wp-content\/uploads\/2026\/01\/pexels-olia-danilevich-8093032-1024x683.jpg 1024w, https:\/\/portal.lodovichi.com.ar\/wp-content\/uploads\/2026\/01\/pexels-olia-danilevich-8093032-300x200.jpg 300w, https:\/\/portal.lodovichi.com.ar\/wp-content\/uploads\/2026\/01\/pexels-olia-danilevich-8093032-768x512.jpg 768w, https:\/\/portal.lodovichi.com.ar\/wp-content\/uploads\/2026\/01\/pexels-olia-danilevich-8093032-1536x1024.jpg 1536w, https:\/\/portal.lodovichi.com.ar\/wp-content\/uploads\/2026\/01\/pexels-olia-danilevich-8093032-2048x1365.jpg 2048w\" sizes=\"auto, (max-width: 1024px) 100vw, 1024px\" \/><span aria-hidden=\"true\" class=\"wp-block-cover__background has-background-dim-10 has-background-dim\"><\/span><div class=\"wp-block-cover__inner-container has-global-padding is-layout-constrained wp-container-core-cover-is-layout-d89aad35 wp-block-cover-is-layout-constrained\">\n<div class=\"wp-block-group alignwide has-global-padding is-content-justification-left is-layout-constrained wp-container-core-group-is-layout-12dd3699 wp-block-group-is-layout-constrained\">\n<h1 class=\"wp-block-heading has-text-align-left has-xx-large-font-size\">Universidad en el exterior<\/h1>\n\n\n\n<p>Estudiar una carrera universitaria en otro pa\u00eds es una posibilidad real para muchos estudiantes, incluso sin contar con grandes recursos econ\u00f3micos. Existen universidades con distintos sistemas de admisi\u00f3n, becas acad\u00e9micas y apoyos financieros que permiten acceder a una educaci\u00f3n internacional de calidad.<\/p>\n\n\n\n<div class=\"wp-block-buttons is-layout-flex wp-block-buttons-is-layout-flex\">\n<div class=\"wp-block-button\"><a class=\"wp-block-button__link wp-element-button\">Ver gu\u00eda sobre universidad en el exterior<\/a><\/div>\n<\/div>\n<\/div>\n<\/div><\/div>\n\n\n\n<div class=\"wp-block-cover alignfull is-light has-custom-content-position is-position-bottom-center\" style=\"margin-top:0;margin-bottom:0;padding-top:var(--wp--preset--spacing--50);padding-right:var(--wp--preset--spacing--50);padding-bottom:var(--wp--preset--spacing--50);padding-left:var(--wp--preset--spacing--50);min-height:100vh;aspect-ratio:unset;\"><img loading=\"lazy\" decoding=\"async\" width=\"1024\" height=\"683\" class=\"wp-block-cover__image-background wp-image-34 size-large\" alt=\"\" src=\"https:\/\/portal.lodovichi.com.ar\/wp-content\/uploads\/2026\/01\/pexels-rdne-8035133-1024x683.jpg\" data-object-fit=\"cover\" srcset=\"https:\/\/portal.lodovichi.com.ar\/wp-content\/uploads\/2026\/01\/pexels-rdne-8035133-1024x683.jpg 1024w, https:\/\/portal.lodovichi.com.ar\/wp-content\/uploads\/2026\/01\/pexels-rdne-8035133-300x200.jpg 300w, https:\/\/portal.lodovichi.com.ar\/wp-content\/uploads\/2026\/01\/pexels-rdne-8035133-768x512.jpg 768w, https:\/\/portal.lodovichi.com.ar\/wp-content\/uploads\/2026\/01\/pexels-rdne-8035133-1536x1024.jpg 1536w, https:\/\/portal.lodovichi.com.ar\/wp-content\/uploads\/2026\/01\/pexels-rdne-8035133-2048x1365.jpg 2048w\" sizes=\"auto, (max-width: 1024px) 100vw, 1024px\" \/><span aria-hidden=\"true\" class=\"wp-block-cover__background has-background-dim-10 has-background-dim\"><\/span><div class=\"wp-block-cover__inner-container has-global-padding is-layout-constrained wp-container-core-cover-is-layout-d89aad35 wp-block-cover-is-layout-constrained\">\n<div class=\"wp-block-group alignwide has-global-padding is-content-justification-left is-layout-constrained wp-container-core-group-is-layout-12dd3699 wp-block-group-is-layout-constrained\">\n<h2 class=\"wp-block-heading has-text-align-left has-xx-large-font-size\">Programas de verano <\/h2>\n\n\n\n<p>Los programas de verano permiten a los estudiantes vivir una experiencia acad\u00e9mica corta en universidades o instituciones internacionales. Suelen durar entre dos y ocho semanas y son una excelente forma de explorar intereses, conocer otros sistemas educativos y ganar experiencia internacional.<\/p>\n\n\n\n<div class=\"wp-block-buttons is-layout-flex wp-block-buttons-is-layout-flex\">\n<div class=\"wp-block-button\"><a class=\"wp-block-button__link wp-element-button\">Explorar programas de verano<\/a><\/div>\n<\/div>\n<\/div>\n<\/div><\/div>\n\n\n\n<div class=\"wp-block-cover alignfull is-light has-custom-content-position is-position-bottom-center\" style=\"margin-top:0;margin-bottom:0;padding-top:var(--wp--preset--spacing--50);padding-right:var(--wp--preset--spacing--50);padding-bottom:var(--wp--preset--spacing--50);padding-left:var(--wp--preset--spacing--50);min-height:100vh;aspect-ratio:unset;\"><img loading=\"lazy\" decoding=\"async\" width=\"1024\" height=\"683\" class=\"wp-block-cover__image-background wp-image-41 size-large\" alt=\"\" src=\"https:\/\/portal.lodovichi.com.ar\/wp-content\/uploads\/2026\/01\/pexels-rdne-8419169-3-1024x683.jpg\" data-object-fit=\"cover\" srcset=\"https:\/\/portal.lodovichi.com.ar\/wp-content\/uploads\/2026\/01\/pexels-rdne-8419169-3-1024x683.jpg 1024w, https:\/\/portal.lodovichi.com.ar\/wp-content\/uploads\/2026\/01\/pexels-rdne-8419169-3-300x200.jpg 300w, https:\/\/portal.lodovichi.com.ar\/wp-content\/uploads\/2026\/01\/pexels-rdne-8419169-3-768x512.jpg 768w, https:\/\/portal.lodovichi.com.ar\/wp-content\/uploads\/2026\/01\/pexels-rdne-8419169-3-1536x1024.jpg 1536w, https:\/\/portal.lodovichi.com.ar\/wp-content\/uploads\/2026\/01\/pexels-rdne-8419169-3-2048x1365.jpg 2048w\" sizes=\"auto, (max-width: 1024px) 100vw, 1024px\" \/><span aria-hidden=\"true\" class=\"wp-block-cover__background has-background-dim-10 has-background-dim\"><\/span><div class=\"wp-block-cover__inner-container has-global-padding is-layout-constrained wp-container-core-cover-is-layout-d89aad35 wp-block-cover-is-layout-constrained\">\n<div class=\"wp-block-group alignwide has-global-padding is-content-justification-left is-layout-constrained wp-container-core-group-is-layout-12dd3699 wp-block-group-is-layout-constrained\">\n<h2 class=\"wp-block-heading has-text-align-left has-xx-large-font-size\">Intercambios estudiantiles<\/h2>\n\n\n\n<p>Los intercambios combinan educaci\u00f3n y experiencia cultural. Pueden durar un semestre o un a\u00f1o y est\u00e1n pensados principalmente para estudiantes de secundaria. Son ideales para desarrollar autonom\u00eda, adaptaci\u00f3n cultural y una mirada global.<\/p>\n\n\n\n<div class=\"wp-block-buttons is-layout-flex wp-block-buttons-is-layout-flex\">\n<div class=\"wp-block-button\"><a class=\"wp-block-button__link wp-element-button\">Ver programas de intercambio<\/a><\/div>\n<\/div>\n<\/div>\n<\/div><\/div>\n\n\n\n<div class=\"wp-block-cover alignfull has-custom-content-position is-position-bottom-center\" style=\"margin-top:0;margin-bottom:0;padding-top:var(--wp--preset--spacing--50);padding-right:var(--wp--preset--spacing--50);padding-bottom:var(--wp--preset--spacing--50);padding-left:var(--wp--preset--spacing--50);min-height:100vh;aspect-ratio:unset;\"><img loading=\"lazy\" decoding=\"async\" width=\"1024\" height=\"683\" class=\"wp-block-cover__image-background wp-image-42 size-large\" alt=\"\" src=\"https:\/\/portal.lodovichi.com.ar\/wp-content\/uploads\/2026\/01\/pexels-yaroslav-shuraev-8515133-1-1024x683.jpg\" data-object-fit=\"cover\" srcset=\"https:\/\/portal.lodovichi.com.ar\/wp-content\/uploads\/2026\/01\/pexels-yaroslav-shuraev-8515133-1-1024x683.jpg 1024w, https:\/\/portal.lodovichi.com.ar\/wp-content\/uploads\/2026\/01\/pexels-yaroslav-shuraev-8515133-1-300x200.jpg 300w, https:\/\/portal.lodovichi.com.ar\/wp-content\/uploads\/2026\/01\/pexels-yaroslav-shuraev-8515133-1-768x512.jpg 768w, https:\/\/portal.lodovichi.com.ar\/wp-content\/uploads\/2026\/01\/pexels-yaroslav-shuraev-8515133-1-1536x1024.jpg 1536w, https:\/\/portal.lodovichi.com.ar\/wp-content\/uploads\/2026\/01\/pexels-yaroslav-shuraev-8515133-1-2048x1365.jpg 2048w\" sizes=\"auto, (max-width: 1024px) 100vw, 1024px\" \/><span aria-hidden=\"true\" class=\"wp-block-cover__background has-background-dim-10 has-background-dim\"><\/span><div class=\"wp-block-cover__inner-container has-global-padding is-layout-constrained wp-container-core-cover-is-layout-d89aad35 wp-block-cover-is-layout-constrained\">\n<div class=\"wp-block-group alignwide has-global-padding is-content-justification-left is-layout-constrained wp-container-core-group-is-layout-12dd3699 wp-block-group-is-layout-constrained\">\n<h2 class=\"wp-block-heading has-text-align-left has-xx-large-font-size\">Programas de liderazgo y academias<\/h2>\n\n\n\n<p>Existen programas internacionales enfocados en liderazgo, pensamiento cr\u00edtico y formaci\u00f3n acad\u00e9mica avanzada. Incluyen academias tem\u00e1ticas, encuentros internacionales y experiencias que fortalecen el perfil acad\u00e9mico y personal de los estudiantes.<\/p>\n\n\n\n<div class=\"wp-block-buttons is-layout-flex wp-block-buttons-is-layout-flex\">\n<div class=\"wp-block-button\"><a class=\"wp-block-button__link wp-element-button\">Conocer programas de liderazgo<\/a><\/div>\n<\/div>\n<\/div>\n<\/div><\/div>\n\n\n\n<div class=\"wp-block-group alignfull has-global-padding is-layout-constrained wp-block-group-is-layout-constrained\" style=\"margin-top:0;margin-bottom:0\"><\/div>\n<\/div>\n\n\n\n<div class=\"wp-block-group alignfull has-global-padding is-layout-constrained wp-container-core-group-is-layout-0c9c989a wp-block-group-is-layout-constrained\" style=\"min-height:0vh;margin-top:0;margin-bottom:0;padding-top:var(--wp--preset--spacing--70);padding-right:var(--wp--preset--spacing--40);padding-bottom:var(--wp--preset--spacing--70);padding-left:var(--wp--preset--spacing--40)\">\n<div class=\"wp-block-group has-global-padding is-layout-constrained wp-container-core-group-is-layout-346627ba wp-block-group-is-layout-constrained\">\n<h2 class=\"wp-block-heading has-text-align-center has-xx-large-font-size\" style=\"margin-right:0;margin-left:0;padding-right:0;padding-left:0\">\u00bfNo sab\u00e9s por d\u00f3nde empezar?<\/h2>\n\n\n\n<p class=\"has-text-align-center\">Si es la primera vez que explor\u00e1s oportunidades educativas internacionales, recomendamos comenzar por la gu\u00eda para padres o revisar las opciones seg\u00fan la edad del estudiante.<\/p>\n<\/div>\n\n\n\n<div class=\"wp-block-buttons is-content-justification-center is-layout-flex wp-container-core-buttons-is-layout-a89b3969 wp-block-buttons-is-layout-flex\">\n<div class=\"wp-block-button\"><a class=\"wp-block-button__link wp-element-button\">Gu\u00eda para padres<\/a><\/div>\n\n\n\n<div class=\"wp-block-button\"><a class=\"wp-block-button__link wp-element-button\">C\u00f3mo empezar seg\u00fan la edad<\/a><\/div>\n<\/div>\n<\/div>\n","protected":false},"excerpt":{"rendered":"<p>Existen distintas formas de acceder a experiencias educativas en el exterior, m\u00e1s all\u00e1 de la universidad tradicional. En esta secci\u00f3n organizamos las principales oportunidades de manera clara para que las familias puedan explorar seg\u00fan la edad, los intereses y el nivel acad\u00e9mico del estudiante. Antes de explorar oportunidades educativas internacionales, es importante entender que la [&hellip;]<\/p>\n","protected":false},"author":1,"featured_media":0,"parent":0,"menu_order":0,"comment_status":"closed","ping_status":"closed","template":"","meta":{"footnotes":""},"class_list":["post-21","page","type-page","status-publish","hentry"],"_links":{"self":[{"href":"https:\/\/portal.lodovichi.com.ar\/index.php\/wp-json\/wp\/v2\/pages\/21","targetHints":{"allow":["GET"]}}],"collection":[{"href":"https:\/\/portal.lodovichi.com.ar\/index.php\/wp-json\/wp\/v2\/pages"}],"about":[{"href":"https:\/\/portal.lodovichi.com.ar\/index.php\/wp-json\/wp\/v2\/types\/page"}],"author":[{"embeddable":true,"href":"https:\/\/portal.lodovichi.com.ar\/index.php\/wp-json\/wp\/v2\/users\/1"}],"replies":[{"embeddable":true,"href":"https:\/\/portal.lodovichi.com.ar\/index.php\/wp-json\/wp\/v2\/comments?post=21"}],"version-history":[{"count":7,"href":"https:\/\/portal.lodovichi.com.ar\/index.php\/wp-json\/wp\/v2\/pages\/21\/revisions"}],"predecessor-version":[{"id":137,"href":"https:\/\/portal.lodovichi.com.ar\/index.php\/wp-json\/wp\/v2\/pages\/21\/revisions\/137"}],"wp:attachment":[{"href":"https:\/\/portal.lodovichi.com.ar\/index.php\/wp-json\/wp\/v2\/media?parent=21"}],"curies":[{"name":"wp","href":"https:\/\/api.w.org\/{rel}","templated":true}]}}