{"id":48,"date":"2026-01-13T16:28:46","date_gmt":"2026-01-13T19:28:46","guid":{"rendered":"https:\/\/portal.lodovichi.com.ar\/?page_id=48"},"modified":"2026-03-07T17:59:34","modified_gmt":"2026-03-07T20:59:34","slug":"requisitos-y-elementos-basicos-comunes","status":"publish","type":"page","link":"https:\/\/portal.lodovichi.com.ar\/index.php\/requisitos-y-elementos-basicos-comunes\/","title":{"rendered":"Requisitos y elementos b\u00e1sicos comunes"},"content":{"rendered":"\n<p>Antes de explorar oportunidades educativas internacionales, es fundamental comprender cu\u00e1les son los requisitos y pasos m\u00e1s comunes que suelen pedir universidades, programas de intercambio, cursos de verano y academias internacionales. Esta gu\u00eda ofrece una visi\u00f3n general para ayudar a las familias a prepararse con tiempo y tomar decisiones informadas.<\/p>\n\n\n\n<p><\/p>\n\n\n\n<div class=\"wp-block-group alignfull is-style-section-2 has-global-padding is-layout-constrained wp-block-group-is-layout-constrained is-style-section-2--1\" style=\"margin-top:0;margin-bottom:0;padding-top:var(--wp--preset--spacing--60);padding-bottom:var(--wp--preset--spacing--60)\">\n<div class=\"wp-block-columns alignwide is-layout-flex wp-container-core-columns-is-layout-643ced6b wp-block-columns-is-layout-flex\">\n<div class=\"wp-block-column is-layout-flow wp-block-column-is-layout-flow\" style=\"flex-basis:40%\">\n<figure class=\"wp-block-image size-large\"><img loading=\"lazy\" decoding=\"async\" width=\"1024\" height=\"768\" src=\"https:\/\/portal.lodovichi.com.ar\/wp-content\/uploads\/2026\/01\/pexels-tobias-dziuba-319638-936320-1024x768.jpg\" alt=\"\" class=\"wp-image-50\" srcset=\"https:\/\/portal.lodovichi.com.ar\/wp-content\/uploads\/2026\/01\/pexels-tobias-dziuba-319638-936320-1024x768.jpg 1024w, https:\/\/portal.lodovichi.com.ar\/wp-content\/uploads\/2026\/01\/pexels-tobias-dziuba-319638-936320-300x225.jpg 300w, https:\/\/portal.lodovichi.com.ar\/wp-content\/uploads\/2026\/01\/pexels-tobias-dziuba-319638-936320-768x576.jpg 768w, https:\/\/portal.lodovichi.com.ar\/wp-content\/uploads\/2026\/01\/pexels-tobias-dziuba-319638-936320-1536x1152.jpg 1536w, https:\/\/portal.lodovichi.com.ar\/wp-content\/uploads\/2026\/01\/pexels-tobias-dziuba-319638-936320-2048x1536.jpg 2048w\" sizes=\"auto, (max-width: 1024px) 100vw, 1024px\" \/><\/figure>\n<\/div>\n\n\n\n<div class=\"wp-block-column is-vertically-aligned-center is-layout-flow wp-container-core-column-is-layout-119bc444 wp-block-column-is-layout-flow\" style=\"flex-basis:60%\">\n<h2 class=\"wp-block-heading has-xx-large-font-size\">Rendimiento acad\u00e9mico<\/h2>\n\n\n\n<p>La mayor\u00eda de los programas eval\u00faan el historial acad\u00e9mico del estudiante. Esto incluye promedios, constancia y compromiso con el estudio. No siempre se busca un rendimiento perfecto, sino una trayectoria coherente y un inter\u00e9s genuino por aprender.<\/p>\n\n\n\n<p><strong>Qu\u00e9 suelen considerar:<\/strong><\/p>\n\n\n\n<ul class=\"wp-block-list\">\n<li>Calificaciones escolares<\/li>\n\n\n\n<li>Evoluci\u00f3n acad\u00e9mica a lo largo del tiempo<\/li>\n\n\n\n<li>Tomar clases relacionadas con el \u00e1rea de inter\u00e9s del estudiante <\/li>\n<\/ul>\n<\/div>\n<\/div>\n\n\n\n<div class=\"wp-block-buttons is-layout-flex wp-block-buttons-is-layout-flex\">\n<div class=\"wp-block-button\"><a class=\"wp-block-button__link wp-element-button\">Opciones para mejorar el rendimiento acad\u00e9mico <\/a><\/div>\n<\/div>\n<\/div>\n\n\n\n<div class=\"wp-block-group alignfull is-style-section-5 has-global-padding is-layout-constrained wp-block-group-is-layout-constrained is-style-section-5--2\" style=\"margin-top:0;margin-bottom:0;padding-top:var(--wp--preset--spacing--50);padding-bottom:var(--wp--preset--spacing--50)\">\n<div class=\"wp-block-columns alignwide is-layout-flex wp-container-core-columns-is-layout-7ee84d44 wp-block-columns-is-layout-flex\">\n<div class=\"wp-block-column is-vertically-aligned-center is-layout-flow wp-block-column-is-layout-flow\" style=\"flex-basis:50%\">\n<figure class=\"wp-block-image size-full\"><img loading=\"lazy\" decoding=\"async\" width=\"2560\" height=\"1920\" src=\"https:\/\/portal.lodovichi.com.ar\/wp-content\/uploads\/2026\/01\/pexels-this-and-no-internet-25-288559-29659893-scaled.jpg\" alt=\"\" class=\"wp-image-51\" style=\"aspect-ratio:1;object-fit:cover\" srcset=\"https:\/\/portal.lodovichi.com.ar\/wp-content\/uploads\/2026\/01\/pexels-this-and-no-internet-25-288559-29659893-scaled.jpg 2560w, https:\/\/portal.lodovichi.com.ar\/wp-content\/uploads\/2026\/01\/pexels-this-and-no-internet-25-288559-29659893-300x225.jpg 300w, https:\/\/portal.lodovichi.com.ar\/wp-content\/uploads\/2026\/01\/pexels-this-and-no-internet-25-288559-29659893-1024x768.jpg 1024w, https:\/\/portal.lodovichi.com.ar\/wp-content\/uploads\/2026\/01\/pexels-this-and-no-internet-25-288559-29659893-768x576.jpg 768w, https:\/\/portal.lodovichi.com.ar\/wp-content\/uploads\/2026\/01\/pexels-this-and-no-internet-25-288559-29659893-1536x1152.jpg 1536w, https:\/\/portal.lodovichi.com.ar\/wp-content\/uploads\/2026\/01\/pexels-this-and-no-internet-25-288559-29659893-2048x1536.jpg 2048w\" sizes=\"auto, (max-width: 2560px) 100vw, 2560px\" \/><\/figure>\n<\/div>\n\n\n\n<div class=\"wp-block-column is-vertically-aligned-center is-layout-flow wp-block-column-is-layout-flow\" style=\"flex-basis:50%\">\n<h2 class=\"wp-block-heading\">Nivel de idioma <\/h2>\n\n\n\n<p class=\"has-medium-font-size\">Muchos programas se dictan en ingl\u00e9s u otros idiomas. En algunos casos se requiere demostrar un nivel m\u00ednimo, mientras que en otros el idioma puede desarrollarse progresivamente.<\/p>\n\n\n\n<p><strong>Es importante saber que:<\/strong><\/p>\n\n\n\n<ul class=\"wp-block-list\">\n<li>No siempre se necesita un nivel avanzado desde el inicio<\/li>\n\n\n\n<li>Existen programas con preparaci\u00f3n ling\u00fc\u00edstica<\/li>\n\n\n\n<li>El idioma es un proceso que se construye con tiempo<\/li>\n<\/ul>\n<\/div>\n<\/div>\n\n\n\n<div class=\"wp-block-buttons is-layout-flex wp-block-buttons-is-layout-flex\">\n<div class=\"wp-block-button\"><a class=\"wp-block-button__link wp-element-button\">Recursos para aprender idiomas<\/a><\/div>\n<\/div>\n<\/div>\n\n\n\n<div class=\"wp-block-group alignfull is-style-section-4 has-global-padding is-layout-constrained wp-block-group-is-layout-constrained is-style-section-4--3\" style=\"min-height:100vh;margin-top:0;margin-bottom:0\">\n<div class=\"wp-block-columns alignfull is-layout-flex wp-container-core-columns-is-layout-28f84493 wp-block-columns-is-layout-flex\">\n<div class=\"wp-block-column is-vertically-aligned-center is-layout-flow wp-block-column-is-layout-flow\">\n<div class=\"wp-block-group is-layout-flow wp-block-group-is-layout-flow\" style=\"padding-top:var(--wp--preset--spacing--50);padding-right:var(--wp--preset--spacing--50);padding-bottom:var(--wp--preset--spacing--50);padding-left:var(--wp--preset--spacing--50)\">\n<h2 class=\"wp-block-heading\">Intereses y motivaci\u00f3n personal<\/h2>\n\n\n\n<p>Las instituciones valoran que los estudiantes puedan expresar sus intereses y motivaciones. Saber explicar por qu\u00e9 se quiere participar en un programa o estudiar en el exterior es un aspecto central del proceso.<\/p>\n\n\n\n<p>Esto puede reflejarse a trav\u00e9s de:<\/p>\n\n\n\n<ul class=\"wp-block-list\">\n<li>Ensayos personales<\/li>\n\n\n\n<li>Cartas de motivaci\u00f3n<\/li>\n\n\n\n<li>Entrevistas<\/li>\n<\/ul>\n\n\n\n<div class=\"wp-block-buttons is-layout-flex wp-block-buttons-is-layout-flex\">\n<div class=\"wp-block-button\"><a class=\"wp-block-button__link wp-element-button\">Escritura de ensayos <\/a><\/div>\n<\/div>\n<\/div>\n<\/div>\n\n\n\n<div class=\"wp-block-column is-layout-flow wp-block-column-is-layout-flow\">\n<div class=\"wp-block-cover is-light\" style=\"min-height:100vh;aspect-ratio:unset;\"><img loading=\"lazy\" decoding=\"async\" width=\"791\" height=\"1024\" class=\"wp-block-cover__image-background wp-image-68 size-large\" alt=\"\" src=\"https:\/\/portal.lodovichi.com.ar\/wp-content\/uploads\/2026\/01\/pexels-anntarazevich-5390688-1-791x1024.jpg\" data-object-fit=\"cover\" srcset=\"https:\/\/portal.lodovichi.com.ar\/wp-content\/uploads\/2026\/01\/pexels-anntarazevich-5390688-1-791x1024.jpg 791w, https:\/\/portal.lodovichi.com.ar\/wp-content\/uploads\/2026\/01\/pexels-anntarazevich-5390688-1-232x300.jpg 232w, https:\/\/portal.lodovichi.com.ar\/wp-content\/uploads\/2026\/01\/pexels-anntarazevich-5390688-1-768x994.jpg 768w, https:\/\/portal.lodovichi.com.ar\/wp-content\/uploads\/2026\/01\/pexels-anntarazevich-5390688-1-1187x1536.jpg 1187w, https:\/\/portal.lodovichi.com.ar\/wp-content\/uploads\/2026\/01\/pexels-anntarazevich-5390688-1-1583x2048.jpg 1583w, https:\/\/portal.lodovichi.com.ar\/wp-content\/uploads\/2026\/01\/pexels-anntarazevich-5390688-1-scaled.jpg 1979w\" sizes=\"auto, (max-width: 791px) 100vw, 791px\" \/><span aria-hidden=\"true\" class=\"wp-block-cover__background has-background-dim-0 has-background-dim\" style=\"background-color:#6b6b6b\"><\/span><div class=\"wp-block-cover__inner-container is-layout-flow wp-block-cover-is-layout-flow\">\n<div style=\"height:var(--wp--preset--spacing--20)\" aria-hidden=\"true\" class=\"wp-block-spacer\"><\/div>\n<\/div><\/div>\n<\/div>\n<\/div>\n<\/div>\n\n\n\n<div class=\"wp-block-group alignfull has-global-padding is-layout-constrained wp-container-core-group-is-layout-ebee8dc1 wp-block-group-is-layout-constrained\" style=\"margin-top:0;margin-bottom:0;padding-top:var(--wp--preset--spacing--50);padding-bottom:var(--wp--preset--spacing--50)\">\n<div class=\"wp-block-group alignwide is-content-justification-space-between is-layout-flex wp-container-core-group-is-layout-9366075c wp-block-group-is-layout-flex\">\n<h2 class=\"wp-block-heading alignwide has-text-align-center is-style-text-subtitle has-x-large-font-size is-style-text-subtitle--4\">Actividades extracurriculares<\/h2>\n\n\n\n<p>Las actividades extracurriculares permiten conocer al estudiante m\u00e1s all\u00e1 de las calificaciones. Reflejan intereses genuinos, compromiso a largo plazo y la capacidad de asumir responsabilidades.<\/p>\n\n\n\n<p>Las instituciones valoran especialmente la constancia en el tiempo, el impacto de la actividad y el rol que el estudiante cumple dentro de ella.<\/p>\n\n\n\n<p>Asumir posiciones de liderazgo, iniciativa u organizaci\u00f3n es un factor altamente positivo, ya que demuestra madurez, autonom\u00eda y habilidades sociales.<\/p>\n\n\n\n<p><\/p>\n<\/div>\n\n\n\n<div class=\"wp-block-group alignwide is-layout-grid wp-container-core-group-is-layout-1ce758a5 wp-block-group-is-layout-grid\">\n<figure class=\"wp-block-video\"><video height=\"1440\" style=\"aspect-ratio: 2560 \/ 1440;\" width=\"2560\" src=\"https:\/\/portal.lodovichi.com.ar\/wp-content\/uploads\/2026\/01\/6539610-uhd_2560_1440_25fps.mp4\"><\/video><\/figure>\n\n\n\n<figure class=\"wp-block-video\"><video height=\"720\" style=\"aspect-ratio: 1280 \/ 720;\" width=\"1280\" src=\"https:\/\/portal.lodovichi.com.ar\/wp-content\/uploads\/2026\/01\/6646701-hd_1920_1080_24fps.mp4\"><\/video><\/figure>\n\n\n\n<figure class=\"wp-block-video\"><video height=\"2160\" style=\"aspect-ratio: 3840 \/ 2160;\" width=\"3840\" src=\"https:\/\/portal.lodovichi.com.ar\/wp-content\/uploads\/2026\/01\/9034538-uhd_3840_2160_24fps.mp4\"><\/video><\/figure>\n<\/div>\n\n\n\n<div class=\"wp-block-buttons is-layout-flex wp-block-buttons-is-layout-flex\">\n<div class=\"wp-block-button\"><a class=\"wp-block-button__link wp-element-button\">C\u00f3mo fortalecer el perfil extracurricular<\/a><\/div>\n<\/div>\n<\/div>\n\n\n\n<div class=\"wp-block-group alignfull is-style-section-1 has-global-padding is-layout-constrained wp-container-core-group-is-layout-cdf985e3 wp-block-group-is-layout-constrained is-style-section-1--5\" style=\"min-height:100vh;margin-top:0;margin-bottom:0;padding-top:var(--wp--preset--spacing--80);padding-right:var(--wp--preset--spacing--80);padding-bottom:var(--wp--preset--spacing--80);padding-left:var(--wp--preset--spacing--80)\">\n<div class=\"wp-block-columns alignwide are-vertically-aligned-center is-layout-flex wp-container-core-columns-is-layout-643ced6b wp-block-columns-is-layout-flex\">\n<div class=\"wp-block-column is-vertically-aligned-center is-layout-flow wp-block-column-is-layout-flow\">\n<figure class=\"wp-block-image aligncenter size-full has-custom-border\"><img loading=\"lazy\" decoding=\"async\" width=\"1707\" height=\"2560\" src=\"https:\/\/portal.lodovichi.com.ar\/wp-content\/uploads\/2026\/01\/pexels-n-voitkevich-6120397-1-scaled.jpg\" alt=\"\" class=\"wp-image-67\" style=\"border-top-left-radius:150px;border-bottom-right-radius:150px;object-fit:cover\" srcset=\"https:\/\/portal.lodovichi.com.ar\/wp-content\/uploads\/2026\/01\/pexels-n-voitkevich-6120397-1-scaled.jpg 1707w, https:\/\/portal.lodovichi.com.ar\/wp-content\/uploads\/2026\/01\/pexels-n-voitkevich-6120397-1-200x300.jpg 200w, https:\/\/portal.lodovichi.com.ar\/wp-content\/uploads\/2026\/01\/pexels-n-voitkevich-6120397-1-683x1024.jpg 683w, https:\/\/portal.lodovichi.com.ar\/wp-content\/uploads\/2026\/01\/pexels-n-voitkevich-6120397-1-768x1152.jpg 768w, https:\/\/portal.lodovichi.com.ar\/wp-content\/uploads\/2026\/01\/pexels-n-voitkevich-6120397-1-1024x1536.jpg 1024w, https:\/\/portal.lodovichi.com.ar\/wp-content\/uploads\/2026\/01\/pexels-n-voitkevich-6120397-1-1365x2048.jpg 1365w\" sizes=\"auto, (max-width: 1707px) 100vw, 1707px\" \/><\/figure>\n<\/div>\n\n\n\n<div class=\"wp-block-column is-vertically-aligned-center is-layout-flow wp-block-column-is-layout-flow\">\n<div class=\"wp-block-group is-vertical is-content-justification-stretch is-layout-flex wp-container-core-group-is-layout-353c4f5a wp-block-group-is-layout-flex\">\n<h2 class=\"wp-block-heading has-text-align-left\">Reconocimientos y premios<\/h2>\n\n\n\n<p>Los reconocimientos acad\u00e9micos, culturales o extracurriculares ayudan a demostrar el compromiso, el talento y el impacto del estudiante. No son obligatorios en todos los programas, pero pueden fortalecer significativamente el perfil cuando existen.<\/p>\n\n\n\n<p><strong>Qu\u00e9 se considera un reconocimiento:<\/strong><\/p>\n\n\n\n<ul class=\"wp-block-list\">\n<li>Premios acad\u00e9micos escolares<\/li>\n\n\n\n<li>Distinciones por rendimiento o liderazgo<\/li>\n\n\n\n<li>Concursos, olimpiadas o competencias<\/li>\n\n\n\n<li>Certificados de participaci\u00f3n destacada<\/li>\n\n\n\n<li>Reconocimientos institucionales o comunitarios<\/li>\n<\/ul>\n<\/div>\n<\/div>\n<\/div>\n\n\n\n<div class=\"wp-block-buttons is-layout-flex wp-block-buttons-is-layout-flex\">\n<div class=\"wp-block-button\"><a class=\"wp-block-button__link wp-element-button\">Concursos de interes<\/a><\/div>\n<\/div>\n<\/div>\n\n\n\n<div class=\"wp-block-group alignfull is-style-section-4 has-global-padding is-layout-constrained wp-block-group-is-layout-constrained is-style-section-4--6\" style=\"min-height:100vh;margin-top:0;margin-bottom:0\">\n<div class=\"wp-block-columns alignfull is-layout-flex wp-container-core-columns-is-layout-28f84493 wp-block-columns-is-layout-flex\">\n<div class=\"wp-block-column is-vertically-aligned-center is-layout-flow wp-block-column-is-layout-flow\">\n<div class=\"wp-block-group is-layout-flow wp-block-group-is-layout-flow\" style=\"padding-top:var(--wp--preset--spacing--50);padding-right:var(--wp--preset--spacing--50);padding-bottom:var(--wp--preset--spacing--50);padding-left:var(--wp--preset--spacing--50)\">\n<h2 class=\"wp-block-heading\">Ex\u00e1menes estandarizados<\/h2>\n\n\n\n<p>Los <strong>ex\u00e1menes estandarizados<\/strong> son pruebas dise\u00f1adas para medir las habilidades acad\u00e9micas de los estudiantes de manera uniforme. Todos los participantes responden las mismas preguntas o tipos de preguntas, y los resultados se comparan utilizando el mismo sistema de puntaje. <\/p>\n<\/div>\n<\/div>\n\n\n\n<div class=\"wp-block-column is-layout-flow wp-block-column-is-layout-flow\">\n<div class=\"wp-block-cover is-light\" style=\"min-height:466px;aspect-ratio:unset;\"><img loading=\"lazy\" decoding=\"async\" width=\"1024\" height=\"683\" class=\"wp-block-cover__image-background wp-image-119 size-large\" alt=\"\" src=\"https:\/\/portal.lodovichi.com.ar\/wp-content\/uploads\/2026\/03\/f1digitals-boy-3653385_1920-1024x683.jpg\" data-object-fit=\"cover\" srcset=\"https:\/\/portal.lodovichi.com.ar\/wp-content\/uploads\/2026\/03\/f1digitals-boy-3653385_1920-1024x683.jpg 1024w, https:\/\/portal.lodovichi.com.ar\/wp-content\/uploads\/2026\/03\/f1digitals-boy-3653385_1920-300x200.jpg 300w, https:\/\/portal.lodovichi.com.ar\/wp-content\/uploads\/2026\/03\/f1digitals-boy-3653385_1920-768x512.jpg 768w, https:\/\/portal.lodovichi.com.ar\/wp-content\/uploads\/2026\/03\/f1digitals-boy-3653385_1920-1536x1024.jpg 1536w, https:\/\/portal.lodovichi.com.ar\/wp-content\/uploads\/2026\/03\/f1digitals-boy-3653385_1920.jpg 1920w\" sizes=\"auto, (max-width: 1024px) 100vw, 1024px\" \/><span aria-hidden=\"true\" class=\"wp-block-cover__background has-background-dim-0 has-background-dim\" style=\"background-color:#6b6b6b\"><\/span><div class=\"wp-block-cover__inner-container is-layout-flow wp-block-cover-is-layout-flow\">\n<div style=\"height:var(--wp--preset--spacing--20)\" aria-hidden=\"true\" class=\"wp-block-spacer\"><\/div>\n<\/div><\/div>\n<\/div>\n<\/div>\n\n\n\n<div class=\"wp-block-buttons is-layout-flex wp-block-buttons-is-layout-flex\">\n<div class=\"wp-block-button\"><a class=\"wp-block-button__link wp-element-button\">Gu\u00eda de examenes estandarizados<\/a><\/div>\n<\/div>\n<\/div>\n\n\n\n<aside class=\"wp-block-group alignfull is-style-section-3 has-global-padding is-layout-constrained wp-container-core-group-is-layout-f0f2a97b wp-block-group-is-layout-constrained is-style-section-3--7\" style=\"margin-top:0;margin-bottom:0;padding-top:var(--wp--preset--spacing--50);padding-right:var(--wp--preset--spacing--50);padding-bottom:var(--wp--preset--spacing--50);padding-left:var(--wp--preset--spacing--50)\">\n<div class=\"wp-block-group is-vertical is-content-justification-center is-layout-flex wp-container-core-group-is-layout-8778ca4a wp-block-group-is-layout-flex\" style=\"min-height:360px;margin-top:0;margin-bottom:0\">\n<h2 class=\"wp-block-heading has-text-align-center has-xx-large-font-size\">Un proceso diferente para cada estudiante<\/h2>\n\n\n\n<p class=\"has-text-align-center is-style-text-subtitle is-style-text-subtitle--8\">No existe un \u00fanico camino v\u00e1lido. Cada estudiante tiene intereses, tiempos y objetivos distintos. Comprender los requisitos b\u00e1sicos permite adaptar el proceso a cada realidad y tomar decisiones m\u00e1s acertadas.<\/p>\n\n\n\n<div style=\"height:0px\" aria-hidden=\"true\" class=\"wp-block-spacer wp-container-content-62aae154\"><\/div>\n\n\n\n<div class=\"wp-block-buttons is-content-justification-center is-layout-flex wp-container-core-buttons-is-layout-a89b3969 wp-block-buttons-is-layout-flex\">\n<div class=\"wp-block-button\"><a class=\"wp-block-button__link has-text-align-center wp-element-button\">Oportunidades educativas internacionales<\/a><\/div>\n<\/div>\n<\/div>\n<\/aside>\n","protected":false},"excerpt":{"rendered":"<p>Antes de explorar oportunidades educativas internacionales, es fundamental comprender cu\u00e1les son los requisitos y pasos m\u00e1s comunes que suelen pedir universidades, programas de intercambio, cursos de verano y academias internacionales. Esta gu\u00eda ofrece una visi\u00f3n general para ayudar a las familias a prepararse con tiempo y tomar decisiones informadas. Rendimiento acad\u00e9mico La mayor\u00eda de los [&hellip;]<\/p>\n","protected":false},"author":1,"featured_media":0,"parent":0,"menu_order":0,"comment_status":"closed","ping_status":"closed","template":"","meta":{"footnotes":""},"class_list":["post-48","page","type-page","status-publish","hentry"],"_links":{"self":[{"href":"https:\/\/portal.lodovichi.com.ar\/index.php\/wp-json\/wp\/v2\/pages\/48","targetHints":{"allow":["GET"]}}],"collection":[{"href":"https:\/\/portal.lodovichi.com.ar\/index.php\/wp-json\/wp\/v2\/pages"}],"about":[{"href":"https:\/\/portal.lodovichi.com.ar\/index.php\/wp-json\/wp\/v2\/types\/page"}],"author":[{"embeddable":true,"href":"https:\/\/portal.lodovichi.com.ar\/index.php\/wp-json\/wp\/v2\/users\/1"}],"replies":[{"embeddable":true,"href":"https:\/\/portal.lodovichi.com.ar\/index.php\/wp-json\/wp\/v2\/comments?post=48"}],"version-history":[{"count":11,"href":"https:\/\/portal.lodovichi.com.ar\/index.php\/wp-json\/wp\/v2\/pages\/48\/revisions"}],"predecessor-version":[{"id":142,"href":"https:\/\/portal.lodovichi.com.ar\/index.php\/wp-json\/wp\/v2\/pages\/48\/revisions\/142"}],"wp:attachment":[{"href":"https:\/\/portal.lodovichi.com.ar\/index.php\/wp-json\/wp\/v2\/media?parent=48"}],"curies":[{"name":"wp","href":"https:\/\/api.w.org\/{rel}","templated":true}]}}