{"id":9,"date":"2026-01-13T12:17:09","date_gmt":"2026-01-13T15:17:09","guid":{"rendered":"https:\/\/portal.lodovichi.com.ar\/?page_id=9"},"modified":"2026-01-13T14:16:15","modified_gmt":"2026-01-13T17:16:15","slug":"educare","status":"publish","type":"page","link":"https:\/\/portal.lodovichi.com.ar\/","title":{"rendered":"Educare"},"content":{"rendered":"\n<div class=\"wp-block-cover alignfull has-custom-content-position is-position-bottom-center\" style=\"margin-top:0;margin-bottom:0;padding-top:var(--wp--preset--spacing--50);padding-right:var(--wp--preset--spacing--50);padding-bottom:var(--wp--preset--spacing--50);padding-left:var(--wp--preset--spacing--50);min-height:840px;aspect-ratio:unset;\"><img loading=\"lazy\" decoding=\"async\" width=\"1024\" height=\"683\" class=\"wp-block-cover__image-background wp-image-11 size-large\" alt=\"\" src=\"https:\/\/portal.lodovichi.com.ar\/wp-content\/uploads\/2026\/01\/pexels-rebecca-zaal-252062-764681-1024x683.jpg\" data-object-fit=\"cover\" srcset=\"https:\/\/portal.lodovichi.com.ar\/wp-content\/uploads\/2026\/01\/pexels-rebecca-zaal-252062-764681-1024x683.jpg 1024w, https:\/\/portal.lodovichi.com.ar\/wp-content\/uploads\/2026\/01\/pexels-rebecca-zaal-252062-764681-300x200.jpg 300w, https:\/\/portal.lodovichi.com.ar\/wp-content\/uploads\/2026\/01\/pexels-rebecca-zaal-252062-764681-768x512.jpg 768w, https:\/\/portal.lodovichi.com.ar\/wp-content\/uploads\/2026\/01\/pexels-rebecca-zaal-252062-764681-1536x1024.jpg 1536w, https:\/\/portal.lodovichi.com.ar\/wp-content\/uploads\/2026\/01\/pexels-rebecca-zaal-252062-764681-2048x1365.jpg 2048w\" sizes=\"auto, (max-width: 1024px) 100vw, 1024px\" \/><span aria-hidden=\"true\" class=\"wp-block-cover__background has-background-dim-10 has-background-dim\"><\/span><div class=\"wp-block-cover__inner-container has-global-padding is-layout-constrained wp-container-core-cover-is-layout-d89aad35 wp-block-cover-is-layout-constrained\">\n<div class=\"wp-block-group alignwide has-global-padding is-content-justification-left is-layout-constrained wp-container-core-group-is-layout-12dd3699 wp-block-group-is-layout-constrained\">\n<h2 class=\"wp-block-heading has-text-align-left has-xx-large-font-size\">Ayudamos a familias a acceder a oportunidades educativas internacionales<\/h2>\n\n\n\n<div class=\"wp-block-buttons is-layout-flex wp-block-buttons-is-layout-flex\">\n<div class=\"wp-block-button\"><a class=\"wp-block-button__link wp-element-button\">EDUCARE<\/a><\/div>\n<\/div>\n<\/div>\n<\/div><\/div>\n\n\n\n<div class=\"wp-block-group alignfull is-style-section-5 has-global-padding is-layout-constrained wp-block-group-is-layout-constrained is-style-section-5--1\" style=\"margin-top:0;margin-bottom:0;padding-top:var(--wp--preset--spacing--50);padding-bottom:var(--wp--preset--spacing--50)\">\n<div class=\"wp-block-columns alignwide is-layout-flex wp-container-core-columns-is-layout-7ee84d44 wp-block-columns-is-layout-flex\">\n<div class=\"wp-block-column is-vertically-aligned-center is-layout-flow wp-block-column-is-layout-flow\" style=\"flex-basis:50%\">\n<h2 class=\"wp-block-heading has-accent-1-color has-text-color has-link-color wp-elements-a8e177df5e4b78b3d7d6685873439456\">Sobre Nosotros:<\/h2>\n\n\n\n<p class=\"has-medium-font-size\">Esta p\u00e1gina est\u00e1 pensada para padres y estudiantes que quieren explorar becas, programas acad\u00e9micos y experiencias educativas en el exterior, pero no saben por d\u00f3nde empezar.<\/p>\n\n\n\n<p class=\"has-medium-font-size\">Nuestro objetivo es acercar informaci\u00f3n clara, confiable y en espa\u00f1ol sobre oportunidades reales que pueden cambiar el futuro acad\u00e9mico y personal de los estudiantes.<\/p>\n<\/div>\n\n\n\n<div class=\"wp-block-column is-vertically-aligned-center is-layout-flow wp-block-column-is-layout-flow\" style=\"flex-basis:50%\">\n<figure class=\"wp-block-image size-large\"><img loading=\"lazy\" decoding=\"async\" width=\"2560\" height=\"1709\" src=\"https:\/\/portal.lodovichi.com.ar\/wp-content\/uploads\/2026\/01\/pexels-photo-4260325-scaled.jpg\" alt=\"\" class=\"wp-image-25\" style=\"aspect-ratio:1;object-fit:cover\" srcset=\"https:\/\/portal.lodovichi.com.ar\/wp-content\/uploads\/2026\/01\/pexels-photo-4260325-scaled.jpg 2560w, https:\/\/portal.lodovichi.com.ar\/wp-content\/uploads\/2026\/01\/pexels-photo-4260325-300x200.jpg 300w, https:\/\/portal.lodovichi.com.ar\/wp-content\/uploads\/2026\/01\/pexels-photo-4260325-1024x683.jpg 1024w, https:\/\/portal.lodovichi.com.ar\/wp-content\/uploads\/2026\/01\/pexels-photo-4260325-768x513.jpg 768w, https:\/\/portal.lodovichi.com.ar\/wp-content\/uploads\/2026\/01\/pexels-photo-4260325-1536x1025.jpg 1536w, https:\/\/portal.lodovichi.com.ar\/wp-content\/uploads\/2026\/01\/pexels-photo-4260325-2048x1367.jpg 2048w\" sizes=\"auto, (max-width: 2560px) 100vw, 2560px\" \/><\/figure>\n<\/div>\n<\/div>\n\n\n\n<div class=\"wp-block-buttons alignwide is-layout-flex wp-block-buttons-is-layout-flex\">\n<div class=\"wp-block-button\"><a class=\"wp-block-button__link has-text-align-right wp-element-button\">Oportunidades<\/a><\/div>\n<\/div>\n<\/div>\n\n\n\n<div class=\"wp-block-group alignfull has-global-padding is-layout-constrained wp-block-group-is-layout-constrained\" style=\"margin-top:0;margin-bottom:0\">\n<div class=\"wp-block-group alignwide is-layout-grid wp-container-core-group-is-layout-5fdb10e5 wp-block-group-is-layout-grid\" style=\"padding-top:var(--wp--preset--spacing--50);padding-bottom:var(--wp--preset--spacing--50)\">\n<div class=\"wp-block-group is-vertical is-content-justification-stretch is-nowrap is-layout-flex wp-container-core-group-is-layout-627337ab wp-block-group-is-layout-flex\">\n<div class=\"wp-block-group is-vertical is-content-justification-left is-layout-flex wp-container-core-group-is-layout-dd225191 wp-block-group-is-layout-flex\">\n<h2 class=\"wp-block-heading is-style-text-annotation is-style-text-annotation--2\">About Us<\/h2>\n\n\n\n<p class=\"is-style-text-subtitle is-style-text-subtitle--3\">En muchos pa\u00edses de Latinoam\u00e9rica, el acceso a informaci\u00f3n sobre educaci\u00f3n internacional suele estar fragmentado, en ingl\u00e9s o limitada a quienes pueden pagar asesor\u00edas costosas. Este proyecto nace para cerrar esa brecha: brindar orientaci\u00f3n clara, accesible y honesta para que m\u00e1s familias puedan conocer y aprovechar oportunidades educativas reales en el exterior.<\/p>\n<\/div>\n\n\n\n<figure class=\"wp-block-image size-full\"><img loading=\"lazy\" decoding=\"async\" width=\"2560\" height=\"1793\" src=\"https:\/\/portal.lodovichi.com.ar\/wp-content\/uploads\/2026\/01\/pexels-uraw-17615704-scaled.jpg\" alt=\"\" class=\"wp-image-13\" style=\"aspect-ratio:16\/9;object-fit:cover\" srcset=\"https:\/\/portal.lodovichi.com.ar\/wp-content\/uploads\/2026\/01\/pexels-uraw-17615704-scaled.jpg 2560w, https:\/\/portal.lodovichi.com.ar\/wp-content\/uploads\/2026\/01\/pexels-uraw-17615704-300x210.jpg 300w, https:\/\/portal.lodovichi.com.ar\/wp-content\/uploads\/2026\/01\/pexels-uraw-17615704-1024x717.jpg 1024w, https:\/\/portal.lodovichi.com.ar\/wp-content\/uploads\/2026\/01\/pexels-uraw-17615704-768x538.jpg 768w, https:\/\/portal.lodovichi.com.ar\/wp-content\/uploads\/2026\/01\/pexels-uraw-17615704-1536x1076.jpg 1536w, https:\/\/portal.lodovichi.com.ar\/wp-content\/uploads\/2026\/01\/pexels-uraw-17615704-2048x1435.jpg 2048w\" sizes=\"auto, (max-width: 2560px) 100vw, 2560px\" \/><\/figure>\n<\/div>\n\n\n\n<figure class=\"wp-block-image size-full\"><img loading=\"lazy\" decoding=\"async\" width=\"2560\" height=\"1709\" src=\"https:\/\/portal.lodovichi.com.ar\/wp-content\/uploads\/2026\/01\/pexels-julia-m-cameron-4145153-scaled.jpg\" alt=\"\" class=\"wp-image-12\" style=\"aspect-ratio:3\/4;object-fit:cover\" srcset=\"https:\/\/portal.lodovichi.com.ar\/wp-content\/uploads\/2026\/01\/pexels-julia-m-cameron-4145153-scaled.jpg 2560w, https:\/\/portal.lodovichi.com.ar\/wp-content\/uploads\/2026\/01\/pexels-julia-m-cameron-4145153-300x200.jpg 300w, https:\/\/portal.lodovichi.com.ar\/wp-content\/uploads\/2026\/01\/pexels-julia-m-cameron-4145153-1024x684.jpg 1024w, https:\/\/portal.lodovichi.com.ar\/wp-content\/uploads\/2026\/01\/pexels-julia-m-cameron-4145153-768x513.jpg 768w, https:\/\/portal.lodovichi.com.ar\/wp-content\/uploads\/2026\/01\/pexels-julia-m-cameron-4145153-1536x1025.jpg 1536w, https:\/\/portal.lodovichi.com.ar\/wp-content\/uploads\/2026\/01\/pexels-julia-m-cameron-4145153-2048x1367.jpg 2048w\" sizes=\"auto, (max-width: 2560px) 100vw, 2560px\" \/><\/figure>\n<\/div>\n<\/div>\n\n\n\n<div class=\"wp-block-group alignfull has-global-padding is-layout-constrained wp-block-group-is-layout-constrained\" style=\"margin-top:0;margin-bottom:0\">\n<div class=\"wp-block-group alignwide is-layout-flow wp-container-core-group-is-layout-d58a0413 wp-block-group-is-layout-flow\" style=\"padding-top:var(--wp--preset--spacing--50);padding-bottom:var(--wp--preset--spacing--50)\">\n<h2 class=\"wp-block-heading has-x-large-font-size\">PREGUNTAS FRECUENTES<\/h2>\n\n\n\n<div class=\"wp-block-columns is-layout-flex wp-container-core-columns-is-layout-cbe57604 wp-block-columns-is-layout-flex\">\n<div class=\"wp-block-column is-layout-flow wp-block-column-is-layout-flow\">\n<div class=\"wp-block-group is-layout-flow wp-block-group-is-layout-flow\" style=\"border-top-color:var(--wp--preset--color--accent-6);border-top-width:1px;padding-top:var(--wp--preset--spacing--30);padding-bottom:var(--wp--preset--spacing--30)\">\n<h3 class=\"wp-block-heading\">\u00bfEste proyecto ofrece asesor\u00edas pagas?<\/h3>\n\n\n\n<p>No. El objetivo es educativo y gratuito: compartir informaci\u00f3n confiable para que cada familia pueda tomar decisiones informadas.<\/p>\n<\/div>\n<\/div>\n\n\n\n<div class=\"wp-block-column is-layout-flow wp-block-column-is-layout-flow\">\n<div class=\"wp-block-group is-layout-flow wp-block-group-is-layout-flow\" style=\"border-top-color:var(--wp--preset--color--accent-6);border-top-width:1px;padding-top:var(--wp--preset--spacing--30);padding-bottom:var(--wp--preset--spacing--30)\">\n<h3 class=\"wp-block-heading\">\u00bfDesde qu\u00e9 edad se puede empezar a aplicar?<\/h3>\n\n\n\n<p>Hay oportunidades desde los 13\u201314 a\u00f1os, aunque lo ideal es comenzar a informarse con anticipaci\u00f3n para prepararse acad\u00e9micamente.<\/p>\n<\/div>\n<\/div>\n<\/div>\n\n\n\n<div class=\"wp-block-columns is-layout-flex wp-container-core-columns-is-layout-cbe57604 wp-block-columns-is-layout-flex\">\n<div class=\"wp-block-column is-layout-flow wp-block-column-is-layout-flow\">\n<div class=\"wp-block-group is-layout-flow wp-block-group-is-layout-flow\" style=\"border-top-color:var(--wp--preset--color--accent-6);border-top-width:1px;padding-top:var(--wp--preset--spacing--30);padding-bottom:var(--wp--preset--spacing--30)\">\n<h3 class=\"wp-block-heading\">\u00bfEs necesario tener mucho dinero para estudiar en el exterior?<\/h3>\n\n\n\n<p>No. Existen becas completas y programas financiados que cubren matr\u00edcula, alojamiento y otros gastos. El acceso depende m\u00e1s de informaci\u00f3n y planificaci\u00f3n que de dinero.<\/p>\n<\/div>\n<\/div>\n\n\n\n<div class=\"wp-block-column is-layout-flow wp-block-column-is-layout-flow\">\n<div class=\"wp-block-group is-layout-flow wp-block-group-is-layout-flow\" style=\"border-top-color:var(--wp--preset--color--accent-6);border-top-width:1px;padding-top:var(--wp--preset--spacing--30);padding-bottom:var(--wp--preset--spacing--30)\">\n<h3 class=\"wp-block-heading\">\u00bfLa informaci\u00f3n est\u00e1 pensada solo para estudiantes con ingl\u00e9s avanzado?<\/h3>\n\n\n\n<p>No. Esta gu\u00eda est\u00e1 orientada a padres y estudiantes hispanohablantes y explica cada proceso de forma clara y gradual.<\/p>\n<\/div>\n<\/div>\n<\/div>\n<\/div>\n<\/div>\n\n\n\n<div class=\"wp-block-group alignfull has-global-padding is-layout-constrained wp-container-core-group-is-layout-08655630 wp-block-group-is-layout-constrained\" style=\"margin-top:0;margin-bottom:0;padding-top:var(--wp--preset--spacing--80);padding-bottom:var(--wp--preset--spacing--80)\">\n<div class=\"wp-block-group alignwide is-layout-flow wp-block-group-is-layout-flow\">\n<p class=\"has-text-align-center is-style-text-display is-style-text-display--4\" style=\"font-style:normal;font-weight:400\">\u00bfOtras preguntas? <br><a href=\"#\" rel=\"nofollow\">Cont\u00e1ctanos.<\/a><\/p>\n\n\n\n<ul class=\"wp-block-social-links has-icon-color is-style-logos-only is-content-justification-center is-layout-flex wp-container-core-social-links-is-layout-a89b3969 wp-block-social-links-is-layout-flex\"><\/ul>\n<\/div>\n<\/div>\n\n\n\n<p><\/p>\n","protected":false},"excerpt":{"rendered":"<p>Sobre Nosotros: Esta p\u00e1gina est\u00e1 pensada para padres y estudiantes que quieren explorar becas, programas acad\u00e9micos y experiencias educativas en el exterior, pero no saben por d\u00f3nde empezar. Nuestro objetivo es acercar informaci\u00f3n clara, confiable y en espa\u00f1ol sobre oportunidades reales que pueden cambiar el futuro acad\u00e9mico y personal de los estudiantes. About Us En [&hellip;]<\/p>\n","protected":false},"author":1,"featured_media":0,"parent":0,"menu_order":0,"comment_status":"closed","ping_status":"closed","template":"","meta":{"footnotes":""},"class_list":["post-9","page","type-page","status-publish","hentry"],"_links":{"self":[{"href":"https:\/\/portal.lodovichi.com.ar\/index.php\/wp-json\/wp\/v2\/pages\/9","targetHints":{"allow":["GET"]}}],"collection":[{"href":"https:\/\/portal.lodovichi.com.ar\/index.php\/wp-json\/wp\/v2\/pages"}],"about":[{"href":"https:\/\/portal.lodovichi.com.ar\/index.php\/wp-json\/wp\/v2\/types\/page"}],"author":[{"embeddable":true,"href":"https:\/\/portal.lodovichi.com.ar\/index.php\/wp-json\/wp\/v2\/users\/1"}],"replies":[{"embeddable":true,"href":"https:\/\/portal.lodovichi.com.ar\/index.php\/wp-json\/wp\/v2\/comments?post=9"}],"version-history":[{"count":5,"href":"https:\/\/portal.lodovichi.com.ar\/index.php\/wp-json\/wp\/v2\/pages\/9\/revisions"}],"predecessor-version":[{"id":31,"href":"https:\/\/portal.lodovichi.com.ar\/index.php\/wp-json\/wp\/v2\/pages\/9\/revisions\/31"}],"wp:attachment":[{"href":"https:\/\/portal.lodovichi.com.ar\/index.php\/wp-json\/wp\/v2\/media?parent=9"}],"curies":[{"name":"wp","href":"https:\/\/api.w.org\/{rel}","templated":true}]}}